{"id":10,"date":"2022-07-02T20:57:36","date_gmt":"2022-07-02T18:57:36","guid":{"rendered":"https:\/\/geniefroidindustriel.wordpress.com\/contact\/"},"modified":"2022-08-23T19:08:18","modified_gmt":"2022-08-23T19:08:18","slug":"contact","status":"publish","type":"page","link":"https:\/\/geniefroidindustriel.com\/index.php\/contact\/","title":{"rendered":"Contactez-nous"},"content":{"rendered":"\n<div style=\"height:32px\" aria-hidden=\"true\" class=\"wp-block-spacer desktop-only\"><\/div>\n\n\n\n<div class=\"wp-block-columns alignwide has-2-columns is-layout-flex wp-container-core-columns-is-layout-9d6595d7 wp-block-columns-is-layout-flex\">\n<div class=\"wp-block-column is-layout-flow wp-block-column-is-layout-flow\">\n<h2 class=\"has-text-align-left wp-block-heading\">Gardons le contact<\/h2>\n\n\n\n<div class=\"wp-block-jetpack-contact-info\">\n <p>Veuillez-nous contacter pour vos projets ou venez \u00e0 notre rencontre.<\/p>\n\n            <address>\n            <i class=\"fa fa-map-marker\"><\/i>Parcelles Assainies, Dakar, S\u00e9n\u00e9gal<br>\n            <i class=\"fa fa-envelope-o\"><\/i><a href=\"mailto:abc@example.com\">contact@geniefroidindustriel.com<\/a><br>\n            <i class=\"fa fa-phone\"><\/i><a href=\"tel:+221775733987\">+221 77 573 39 87<\/a><br>\n            <\/address>\n<\/div>\n\n\n\n<div class=\"wp-block-column is-layout-flow wp-block-column-is-layout-flow\"><\/div>\n<\/div>\n","protected":false},"excerpt":{"rendered":"<p>Gardons le contact Veuillez-nous contacter pour vos projets ou venez \u00e0 notre rencontre. Parcelles Assainies, Dakar, S\u00e9n\u00e9gal contact@geniefroidindustriel.com +221 77 573 39 87<\/p>\n","protected":false},"author":1,"featured_media":0,"parent":0,"menu_order":1,"comment_status":"closed","ping_status":"closed","template":"","meta":{"om_disable_all_campaigns":false,"_mi_skip_tracking":false,"footnotes":""},"class_list":["post-10","page","type-page","status-publish","hentry"],"yoast_head":"<!-- This site is optimized with the Yoast SEO plugin v19.5.1 - https:\/\/yoast.com\/wordpress\/plugins\/seo\/ -->\n<title>Contactez-nous - G\u00e9nie Froid Industriel<\/title>\n<meta name=\"robots\" content=\"index, follow, max-snippet:-1, max-image-preview:large, max-video-preview:-1\" \/>\n<link rel=\"canonical\" href=\"https:\/\/geniefroidindustriel.com\/index.php\/contact\/\" \/>\n<meta property=\"og:locale\" content=\"fr_FR\" \/>\n<meta property=\"og:type\" content=\"article\" \/>\n<meta property=\"og:title\" content=\"Contactez-nous - G\u00e9nie Froid Industriel\" \/>\n<meta property=\"og:description\" content=\"Gardons le contact Veuillez-nous contacter pour vos projets ou venez \u00e0 notre rencontre. Parcelles Assainies, Dakar, S\u00e9n\u00e9gal contact@geniefroidindustriel.com +221 77 573 39 87\" \/>\n<meta property=\"og:url\" content=\"https:\/\/geniefroidindustriel.com\/index.php\/contact\/\" \/>\n<meta property=\"og:site_name\" content=\"G\u00e9nie Froid Industriel\" \/>\n<meta property=\"article:modified_time\" content=\"2022-08-23T19:08:18+00:00\" \/>\n<meta name=\"twitter:card\" content=\"summary_large_image\" \/>\n<meta name=\"twitter:label1\" content=\"Dur\u00e9e de lecture estim\u00e9e\" \/>\n\t<meta name=\"twitter:data1\" content=\"1 minute\" \/>\n<script type=\"application\/ld+json\" class=\"yoast-schema-graph\">{\"@context\":\"https:\/\/schema.org\",\"@graph\":[{\"@type\":\"WebPage\",\"@id\":\"https:\/\/geniefroidindustriel.com\/index.php\/contact\/\",\"url\":\"https:\/\/geniefroidindustriel.com\/index.php\/contact\/\",\"name\":\"Contactez-nous - G\u00e9nie Froid Industriel\",\"isPartOf\":{\"@id\":\"https:\/\/geniefroidindustriel.com\/#website\"},\"datePublished\":\"2022-07-02T18:57:36+00:00\",\"dateModified\":\"2022-08-23T19:08:18+00:00\",\"breadcrumb\":{\"@id\":\"https:\/\/geniefroidindustriel.com\/index.php\/contact\/#breadcrumb\"},\"inLanguage\":\"fr-FR\",\"potentialAction\":[{\"@type\":\"ReadAction\",\"target\":[\"https:\/\/geniefroidindustriel.com\/index.php\/contact\/\"]}]},{\"@type\":\"BreadcrumbList\",\"@id\":\"https:\/\/geniefroidindustriel.com\/index.php\/contact\/#breadcrumb\",\"itemListElement\":[{\"@type\":\"ListItem\",\"position\":1,\"name\":\"Home\",\"item\":\"https:\/\/geniefroidindustriel.com\/\"},{\"@type\":\"ListItem\",\"position\":2,\"name\":\"Contactez-nous\"}]},{\"@type\":\"WebSite\",\"@id\":\"https:\/\/geniefroidindustriel.com\/#website\",\"url\":\"https:\/\/geniefroidindustriel.com\/\",\"name\":\"G\u00e9nie Froid Industriel\",\"description\":\"Just another WordPress site\",\"publisher\":{\"@id\":\"https:\/\/geniefroidindustriel.com\/#organization\"},\"potentialAction\":[{\"@type\":\"SearchAction\",\"target\":{\"@type\":\"EntryPoint\",\"urlTemplate\":\"https:\/\/geniefroidindustriel.com\/?s={search_term_string}\"},\"query-input\":\"required name=search_term_string\"}],\"inLanguage\":\"fr-FR\"},{\"@type\":\"Organization\",\"@id\":\"https:\/\/geniefroidindustriel.com\/#organization\",\"name\":\"G\u00e9nie Froid Industriel\",\"url\":\"https:\/\/geniefroidindustriel.com\/\",\"sameAs\":[],\"logo\":{\"@type\":\"ImageObject\",\"inLanguage\":\"fr-FR\",\"@id\":\"https:\/\/geniefroidindustriel.com\/#\/schema\/logo\/image\/\",\"url\":\"https:\/\/geniefroidindustriel.com\/wp-content\/uploads\/2022\/07\/gecc81nie-froid-secc81necc81gal.png\",\"contentUrl\":\"https:\/\/geniefroidindustriel.com\/wp-content\/uploads\/2022\/07\/gecc81nie-froid-secc81necc81gal.png\",\"width\":842,\"height\":192,\"caption\":\"G\u00e9nie Froid Industriel\"},\"image\":{\"@id\":\"https:\/\/geniefroidindustriel.com\/#\/schema\/logo\/image\/\"}}]}<\/script>\n<!-- \/ Yoast SEO plugin. -->","yoast_head_json":{"title":"Contactez-nous - G\u00e9nie Froid Industriel","robots":{"index":"index","follow":"follow","max-snippet":"max-snippet:-1","max-image-preview":"max-image-preview:large","max-video-preview":"max-video-preview:-1"},"canonical":"https:\/\/geniefroidindustriel.com\/index.php\/contact\/","og_locale":"fr_FR","og_type":"article","og_title":"Contactez-nous - G\u00e9nie Froid Industriel","og_description":"Gardons le contact Veuillez-nous contacter pour vos projets ou venez \u00e0 notre rencontre. Parcelles Assainies, Dakar, S\u00e9n\u00e9gal contact@geniefroidindustriel.com +221 77 573 39 87","og_url":"https:\/\/geniefroidindustriel.com\/index.php\/contact\/","og_site_name":"G\u00e9nie Froid Industriel","article_modified_time":"2022-08-23T19:08:18+00:00","twitter_card":"summary_large_image","twitter_misc":{"Dur\u00e9e de lecture estim\u00e9e":"1 minute"},"schema":{"@context":"https:\/\/schema.org","@graph":[{"@type":"WebPage","@id":"https:\/\/geniefroidindustriel.com\/index.php\/contact\/","url":"https:\/\/geniefroidindustriel.com\/index.php\/contact\/","name":"Contactez-nous - G\u00e9nie Froid Industriel","isPartOf":{"@id":"https:\/\/geniefroidindustriel.com\/#website"},"datePublished":"2022-07-02T18:57:36+00:00","dateModified":"2022-08-23T19:08:18+00:00","breadcrumb":{"@id":"https:\/\/geniefroidindustriel.com\/index.php\/contact\/#breadcrumb"},"inLanguage":"fr-FR","potentialAction":[{"@type":"ReadAction","target":["https:\/\/geniefroidindustriel.com\/index.php\/contact\/"]}]},{"@type":"BreadcrumbList","@id":"https:\/\/geniefroidindustriel.com\/index.php\/contact\/#breadcrumb","itemListElement":[{"@type":"ListItem","position":1,"name":"Home","item":"https:\/\/geniefroidindustriel.com\/"},{"@type":"ListItem","position":2,"name":"Contactez-nous"}]},{"@type":"WebSite","@id":"https:\/\/geniefroidindustriel.com\/#website","url":"https:\/\/geniefroidindustriel.com\/","name":"G\u00e9nie Froid Industriel","description":"Just another WordPress site","publisher":{"@id":"https:\/\/geniefroidindustriel.com\/#organization"},"potentialAction":[{"@type":"SearchAction","target":{"@type":"EntryPoint","urlTemplate":"https:\/\/geniefroidindustriel.com\/?s={search_term_string}"},"query-input":"required name=search_term_string"}],"inLanguage":"fr-FR"},{"@type":"Organization","@id":"https:\/\/geniefroidindustriel.com\/#organization","name":"G\u00e9nie Froid Industriel","url":"https:\/\/geniefroidindustriel.com\/","sameAs":[],"logo":{"@type":"ImageObject","inLanguage":"fr-FR","@id":"https:\/\/geniefroidindustriel.com\/#\/schema\/logo\/image\/","url":"https:\/\/geniefroidindustriel.com\/wp-content\/uploads\/2022\/07\/gecc81nie-froid-secc81necc81gal.png","contentUrl":"https:\/\/geniefroidindustriel.com\/wp-content\/uploads\/2022\/07\/gecc81nie-froid-secc81necc81gal.png","width":842,"height":192,"caption":"G\u00e9nie Froid Industriel"},"image":{"@id":"https:\/\/geniefroidindustriel.com\/#\/schema\/logo\/image\/"}}]}},"_links":{"self":[{"href":"https:\/\/geniefroidindustriel.com\/index.php\/wp-json\/wp\/v2\/pages\/10","targetHints":{"allow":["GET"]}}],"collection":[{"href":"https:\/\/geniefroidindustriel.com\/index.php\/wp-json\/wp\/v2\/pages"}],"about":[{"href":"https:\/\/geniefroidindustriel.com\/index.php\/wp-json\/wp\/v2\/types\/page"}],"author":[{"embeddable":true,"href":"https:\/\/geniefroidindustriel.com\/index.php\/wp-json\/wp\/v2\/users\/1"}],"replies":[{"embeddable":true,"href":"https:\/\/geniefroidindustriel.com\/index.php\/wp-json\/wp\/v2\/comments?post=10"}],"version-history":[{"count":8,"href":"https:\/\/geniefroidindustriel.com\/index.php\/wp-json\/wp\/v2\/pages\/10\/revisions"}],"predecessor-version":[{"id":116,"href":"https:\/\/geniefroidindustriel.com\/index.php\/wp-json\/wp\/v2\/pages\/10\/revisions\/116"}],"wp:attachment":[{"href":"https:\/\/geniefroidindustriel.com\/index.php\/wp-json\/wp\/v2\/media?parent=10"}],"curies":[{"name":"wp","href":"https:\/\/api.w.org\/{rel}","templated":true}]}}